{"id":2897,"date":"2019-08-12T13:25:24","date_gmt":"2019-08-12T11:25:24","guid":{"rendered":"http:\/\/osfm-blagovna.splet.arnes.si\/?page_id=2897"},"modified":"2025-08-29T14:02:54","modified_gmt":"2025-08-29T12:02:54","slug":"interesne-dejavnosti","status":"publish","type":"page","link":"https:\/\/blagovna.si\/?page_id=2897","title":{"rendered":"Izbirne interesne dejavnosti raz\u0161irjenega programa"},"content":{"rendered":"<p>[et_pb_section fb_built=&#8221;1&#8243; fullwidth=&#8221;on&#8221; admin_label=&#8221;section&#8221; _builder_version=&#8221;4.16&#8243; global_colors_info=&#8221;{}&#8221;][et_pb_fullwidth_slider admin_label=&#8221;Fullwidth Slider&#8221; _builder_version=&#8221;4.18.0&#8243; custom_padding=&#8221;|||&#8221; custom_padding_tablet=&#8221;|||&#8221; custom_padding_phone=&#8221;|||&#8221; remove_inner_shadow=&#8221;off&#8221; hide_content_on_mobile=&#8221;off&#8221; hide_cta_on_mobile=&#8221;off&#8221; show_inner_shadow=&#8221;on&#8221; button_letter_spacing_hover=&#8221;0&#8243; global_module=&#8221;1575&#8243; saved_tabs=&#8221;all&#8221; global_colors_info=&#8221;{}&#8221; button_text_size__hover_enabled=&#8221;off&#8221; button_text_size__hover=&#8221;null&#8221; button_one_text_size__hover_enabled=&#8221;off&#8221; button_one_text_size__hover=&#8221;null&#8221; button_two_text_size__hover_enabled=&#8221;off&#8221; button_two_text_size__hover=&#8221;null&#8221; button_text_color__hover_enabled=&#8221;off&#8221; button_text_color__hover=&#8221;null&#8221; button_one_text_color__hover_enabled=&#8221;off&#8221; button_one_text_color__hover=&#8221;null&#8221; button_two_text_color__hover_enabled=&#8221;off&#8221; button_two_text_color__hover=&#8221;null&#8221; button_border_width__hover_enabled=&#8221;off&#8221; button_border_width__hover=&#8221;null&#8221; button_one_border_width__hover_enabled=&#8221;off&#8221; button_one_border_width__hover=&#8221;null&#8221; button_two_border_width__hover_enabled=&#8221;off&#8221; button_two_border_width__hover=&#8221;null&#8221; button_border_color__hover_enabled=&#8221;off&#8221; button_border_color__hover=&#8221;null&#8221; button_one_border_color__hover_enabled=&#8221;off&#8221; button_one_border_color__hover=&#8221;null&#8221; button_two_border_color__hover_enabled=&#8221;off&#8221; button_two_border_color__hover=&#8221;null&#8221; button_border_radius__hover_enabled=&#8221;off&#8221; button_border_radius__hover=&#8221;null&#8221; button_one_border_radius__hover_enabled=&#8221;off&#8221; button_one_border_radius__hover=&#8221;null&#8221; button_two_border_radius__hover_enabled=&#8221;off&#8221; button_two_border_radius__hover=&#8221;null&#8221; button_letter_spacing__hover_enabled=&#8221;on&#8221; button_letter_spacing__hover=&#8221;0&#8243; button_one_letter_spacing__hover_enabled=&#8221;off&#8221; button_one_letter_spacing__hover=&#8221;null&#8221; button_two_letter_spacing__hover_enabled=&#8221;off&#8221; button_two_letter_spacing__hover=&#8221;null&#8221; button_bg_color__hover_enabled=&#8221;off&#8221; button_bg_color__hover=&#8221;null&#8221; button_one_bg_color__hover_enabled=&#8221;off&#8221; button_one_bg_color__hover=&#8221;null&#8221; button_two_bg_color__hover_enabled=&#8221;off&#8221; button_two_bg_color__hover=&#8221;null&#8221;][et_pb_slide heading=&#8221;PO\u0160 Blagovna&#8221; _builder_version=&#8221;4.18.0&#8243; background_image=&#8221;https:\/\/blagovna.si\/files\/2015\/08\/blag4.jpg&#8221; background_enable_image=&#8221;on&#8221; button_icon_placement=&#8221;right&#8221; button_on_hover=&#8221;on&#8221; global_colors_info=&#8221;{}&#8221; button_one_text_size__hover_enabled=&#8221;off&#8221; button_two_text_size__hover_enabled=&#8221;off&#8221; button_one_text_color__hover_enabled=&#8221;off&#8221; button_two_text_color__hover_enabled=&#8221;off&#8221; button_one_border_width__hover_enabled=&#8221;off&#8221; button_two_border_width__hover_enabled=&#8221;off&#8221; button_one_border_color__hover_enabled=&#8221;off&#8221; button_two_border_color__hover_enabled=&#8221;off&#8221; button_one_border_radius__hover_enabled=&#8221;off&#8221; button_two_border_radius__hover_enabled=&#8221;off&#8221; button_letter_spacing__hover_enabled=&#8221;off&#8221; button_one_letter_spacing__hover_enabled=&#8221;off&#8221; button_two_letter_spacing__hover_enabled=&#8221;off&#8221; button_one_bg_color__hover_enabled=&#8221;off&#8221; button_two_bg_color__hover_enabled=&#8221;off&#8221; sticky_transition=&#8221;on&#8221;][\/et_pb_slide][et_pb_slide _builder_version=&#8221;4.18.0&#8243; _module_preset=&#8221;default&#8221; background_image=&#8221;https:\/\/blagovna.si\/files\/2015\/08\/logo-blagovna2.jpg&#8221; background_enable_image=&#8221;on&#8221; global_colors_info=&#8221;{}&#8221; sticky_transition=&#8221;on&#8221;][\/et_pb_slide][\/et_pb_fullwidth_slider][et_pb_fullwidth_menu menu_id=&#8221;4&#8243; menu_style=&#8221;centered&#8221; submenu_direction=&#8221;downwards&#8221; _builder_version=&#8221;4.18.0&#8243; background_color=&#8221;#fff347&#8243; global_colors_info=&#8221;{}&#8221;][\/et_pb_fullwidth_menu][\/et_pb_section][et_pb_section fb_built=&#8221;1&#8243; admin_label=&#8221;section&#8221; _builder_version=&#8221;4.16&#8243; collapsed=&#8221;off&#8221; global_colors_info=&#8221;{}&#8221;][et_pb_row column_structure=&#8221;2_3,1_3&#8243; admin_label=&#8221;row&#8221; _builder_version=&#8221;4.16&#8243; background_size=&#8221;initial&#8221; background_position=&#8221;top_left&#8221; background_repeat=&#8221;repeat&#8221; collapsed=&#8221;off&#8221; global_colors_info=&#8221;{}&#8221;][et_pb_column type=&#8221;2_3&#8243; _builder_version=&#8221;4.16&#8243; custom_padding=&#8221;|||&#8221; global_colors_info=&#8221;{}&#8221; custom_padding__hover=&#8221;|||&#8221;][et_pb_text admin_label=&#8221;vsebina&#8221; _builder_version=&#8221;4.27.4&#8243; background_size=&#8221;initial&#8221; background_position=&#8221;top_left&#8221; background_repeat=&#8221;repeat&#8221; vertical_offset_tablet=&#8221;0&#8243; horizontal_offset_tablet=&#8221;0&#8243; hover_enabled=&#8221;0&#8243; z_index_tablet=&#8221;0&#8243; text_text_shadow_horizontal_length_tablet=&#8221;0px&#8221; text_text_shadow_vertical_length_tablet=&#8221;0px&#8221; text_text_shadow_blur_strength_tablet=&#8221;1px&#8221; link_text_shadow_horizontal_length_tablet=&#8221;0px&#8221; link_text_shadow_vertical_length_tablet=&#8221;0px&#8221; link_text_shadow_blur_strength_tablet=&#8221;1px&#8221; ul_text_shadow_horizontal_length_tablet=&#8221;0px&#8221; ul_text_shadow_vertical_length_tablet=&#8221;0px&#8221; ul_text_shadow_blur_strength_tablet=&#8221;1px&#8221; ol_text_shadow_horizontal_length_tablet=&#8221;0px&#8221; ol_text_shadow_vertical_length_tablet=&#8221;0px&#8221; ol_text_shadow_blur_strength_tablet=&#8221;1px&#8221; quote_text_shadow_horizontal_length_tablet=&#8221;0px&#8221; quote_text_shadow_vertical_length_tablet=&#8221;0px&#8221; quote_text_shadow_blur_strength_tablet=&#8221;1px&#8221; header_text_shadow_horizontal_length_tablet=&#8221;0px&#8221; header_text_shadow_vertical_length_tablet=&#8221;0px&#8221; header_text_shadow_blur_strength_tablet=&#8221;1px&#8221; header_2_text_shadow_horizontal_length_tablet=&#8221;0px&#8221; header_2_text_shadow_vertical_length_tablet=&#8221;0px&#8221; header_2_text_shadow_blur_strength_tablet=&#8221;1px&#8221; header_3_text_shadow_horizontal_length_tablet=&#8221;0px&#8221; header_3_text_shadow_vertical_length_tablet=&#8221;0px&#8221; header_3_text_shadow_blur_strength_tablet=&#8221;1px&#8221; header_4_text_shadow_horizontal_length_tablet=&#8221;0px&#8221; header_4_text_shadow_vertical_length_tablet=&#8221;0px&#8221; header_4_text_shadow_blur_strength_tablet=&#8221;1px&#8221; header_5_text_shadow_horizontal_length_tablet=&#8221;0px&#8221; header_5_text_shadow_vertical_length_tablet=&#8221;0px&#8221; header_5_text_shadow_blur_strength_tablet=&#8221;1px&#8221; header_6_text_shadow_horizontal_length_tablet=&#8221;0px&#8221; header_6_text_shadow_vertical_length_tablet=&#8221;0px&#8221; header_6_text_shadow_blur_strength_tablet=&#8221;1px&#8221; box_shadow_horizontal_tablet=&#8221;0px&#8221; box_shadow_vertical_tablet=&#8221;0px&#8221; box_shadow_blur_tablet=&#8221;40px&#8221; box_shadow_spread_tablet=&#8221;0px&#8221; use_border_color=&#8221;off&#8221; global_colors_info=&#8221;{}&#8221; sticky_enabled=&#8221;0&#8243;]<\/p>\n<h4><strong>TABELA IZBIRNIH INTERESNIH DEJAVNOSTI RAZ\u0160IRJENEGA PROGRAMA<\/strong><\/h4>\n<p>&nbsp;<\/p>\n<h4><b>\u0160OLSKO LETO 2025\/2026<\/b><\/h4>\n<table style=\"width: 626px;height: 328px\">\n<tbody>\n<tr>\n<td style=\"width: 131.875px\"><b>NAZIV&nbsp;<\/b><\/td>\n<td style=\"width: 171.125px\"><b>MENTORICA<\/b><\/td>\n<td style=\"width: 112.75px\"><b>U\u010cENCI<\/b><\/td>\n<td style=\"width: 186.25px\"><b>\u010cAS<\/b><\/td>\n<\/tr>\n<tr>\n<td style=\"width: 131.875px\"><span style=\"font-weight: 400\">pohodni\u0161tvo<\/span><\/td>\n<td style=\"width: 171.125px\">Monika Predikaka<\/td>\n<td style=\"width: 112.75px\"><span style=\"font-weight: 400\">1.do 5. razred<\/span><\/td>\n<td style=\"width: 186.25px\"><span style=\"font-weight: 400\">prilo\u017enostno<\/span><\/td>\n<\/tr>\n<tr>\n<td style=\"width: 131.875px\">ra\u010dunalni\u0161tvo<\/td>\n<td style=\"width: 171.125px\">Monika Predikaka<\/td>\n<td style=\"width: 112.75px\">3. razred<\/td>\n<td style=\"width: 186.25px\">&nbsp;\u010detrtek, 6. ura<\/td>\n<\/tr>\n<tr>\n<td style=\"width: 131.875px\">knji\u017enica<\/td>\n<td style=\"width: 171.125px\">Tea Gle\u0161\u010di\u010d<\/td>\n<td style=\"width: 112.75px\"><span style=\"font-weight: 400\">1.do 5. razred<\/span><\/td>\n<td style=\"width: 186.25px\">&nbsp;ponedeljek, 5. ura in torek, 0. ura<\/td>\n<\/tr>\n<tr>\n<td style=\"width: 131.875px\">vesela \u0161ola<\/td>\n<td style=\"width: 171.125px\">Petra Artnak<\/td>\n<td style=\"width: 112.75px\">&nbsp;4. in 5. razred<\/td>\n<td style=\"width: 186.25px\">&nbsp;<\/td>\n<\/tr>\n<tr>\n<td style=\"width: 131.875px\"><span style=\"font-weight: 400\">OPZ<\/span><\/td>\n<td style=\"width: 171.125px\">Reneja Sara Centrih Ka\u010di\u010dnik<\/td>\n<td style=\"width: 112.75px\"><span style=\"font-weight: 400\">1.do 5. razred<\/span><\/td>\n<td style=\"width: 186.25px\">&nbsp;\u010detrtek in petek, 6. ura<\/td>\n<\/tr>\n<tr>\n<td style=\"width: 131.875px\">&nbsp;lutkovna pripravljalnica<\/td>\n<td style=\"width: 171.125px\">&nbsp;\u0160pela \u0160tumberger<\/td>\n<td style=\"width: 112.75px\">&nbsp;4. razred<\/td>\n<td style=\"width: 186.25px\">&nbsp;torek, 6. ura<\/td>\n<\/tr>\n<tr>\n<td style=\"width: 131.875px\">&nbsp;lutke<\/td>\n<td style=\"width: 171.125px\">&nbsp;\u0160pela \u0160tumberger<\/td>\n<td style=\"width: 112.75px\">&nbsp;5. razred<\/td>\n<td style=\"width: 186.25px\">&nbsp;\u010detrtek, 6. ura<\/td>\n<\/tr>\n<tr>\n<td style=\"width: 131.875px\">kolesarstvo<\/td>\n<td style=\"width: 171.125px\">Jasna Zupanc , Petra Artnak<\/td>\n<td style=\"width: 112.75px\">5. razred<\/td>\n<td style=\"width: 186.25px\">vo\u017enja po dogovoru<\/td>\n<\/tr>\n<tr>\n<td style=\"width: 131.875px\">&nbsp;<\/td>\n<td style=\"width: 171.125px\">&nbsp;<\/td>\n<td style=\"width: 112.75px\">&nbsp;<\/td>\n<td style=\"width: 186.25px\">&nbsp;<\/td>\n<\/tr>\n<\/tbody>\n<\/table>\n<table style=\"height: 56px\" width=\"625\">\n<tbody>\n<tr>\n<td style=\"width: 131px\">&nbsp;<\/td>\n<td style=\"width: 168px\">&nbsp;<\/td>\n<td style=\"width: 112px\">&nbsp;<\/td>\n<td style=\"width: 186px\">&nbsp;<\/td>\n<\/tr>\n<\/tbody>\n<\/table>\n<table>\n<tbody>\n<tr>\n<td style=\"width: 131px\">&nbsp;<\/td>\n<td style=\"width: 168px\">&nbsp;<\/td>\n<td style=\"width: 112px\">&nbsp;<\/td>\n<td style=\"width: 186px\">&nbsp;<\/td>\n<\/tr>\n<\/tbody>\n<\/table>\n<table>\n<tbody>\n<tr>\n<td style=\"width: 131px\">&nbsp;<\/td>\n<td style=\"width: 168px\">&nbsp;<\/td>\n<td style=\"width: 112px\">&nbsp;<\/td>\n<td style=\"width: 186px\">&nbsp;<\/td>\n<\/tr>\n<\/tbody>\n<\/table>\n<p>&nbsp;<\/p>\n<table style=\"width: 683px;height: 180px\">\n<tbody>\n<tr style=\"height: 23px\">\n<td style=\"width: 124.375px;height: 23px\"><b>NAZIV TE\u010cAJA<\/b><\/td>\n<td style=\"width: 264.788px;height: 23px\"><b>IZVAJALEC<\/b><\/td>\n<td style=\"width: 105.312px;height: 23px\"><b>U\u010cENCI<\/b><\/td>\n<td style=\"width: 164.525px;height: 23px\"><b>\u010cAS<\/b><\/td>\n<\/tr>\n<tr style=\"height: 23px\">\n<td style=\"width: 124.375px;height: 23px\">rokomet<\/td>\n<td style=\"width: 264.788px;height: 23px\">Rokometni klub Pivovarna La\u0161ko<\/td>\n<td style=\"width: 105.312px;height: 23px\">1.do 5. razred<\/td>\n<td style=\"width: 164.525px;height: 23px\">&nbsp;<\/td>\n<\/tr>\n<tr style=\"height: 44.75px\">\n<td style=\"width: 124.375px;height: 44px\">gimnastika<\/td>\n<td style=\"width: 264.788px;height: 44px\">TOP GIB Celje<\/td>\n<td style=\"width: 105.312px;height: 44px\">1. do 5. razreda<\/td>\n<td style=\"width: 164.525px;height: 44px\">&nbsp;<\/td>\n<\/tr>\n<tr style=\"height: 10px\">\n<td style=\"width: 124.375px;height: 10px\">&nbsp;plesni te\u010daj<\/td>\n<td style=\"width: 264.788px;height: 10px\">TBA plesni center<\/td>\n<td style=\"width: 105.312px;height: 10px\">&nbsp;1. do 5. razred<\/td>\n<td style=\"width: 164.525px;height: 10px\">&nbsp;<\/td>\n<\/tr>\n<tr style=\"height: 10px\">\n<td style=\"width: 124.375px;height: 10px\">&nbsp;nogomet<\/td>\n<td style=\"width: 264.788px;height: 10px\">&nbsp;NK \u0160entjur<\/td>\n<td style=\"width: 105.312px;height: 10px\">&nbsp;1. do 4. razred<\/td>\n<td style=\"width: 164.525px;height: 10px\">&nbsp;<\/td>\n<\/tr>\n<tr style=\"height: 10px\">\n<td style=\"width: 124.375px;height: 10px\">&nbsp;<\/td>\n<td style=\"width: 264.788px;height: 10px\">&nbsp;<\/td>\n<td style=\"width: 105.312px;height: 10px\">&nbsp;<\/td>\n<td style=\"width: 164.525px;height: 10px\">&nbsp;<\/td>\n<\/tr>\n<tr style=\"height: 10px\">\n<td style=\"width: 124.375px;height: 10px\">&nbsp;<\/td>\n<td style=\"width: 264.788px;height: 10px\">&nbsp;<\/td>\n<td style=\"width: 105.312px;height: 10px\">&nbsp;<\/td>\n<td style=\"width: 164.525px;height: 10px\">&nbsp;<\/td>\n<\/tr>\n<tr style=\"height: 10px\">\n<td style=\"width: 124.375px;height: 10px\">&nbsp;<\/td>\n<td style=\"width: 264.788px;height: 10px\">&nbsp;<\/td>\n<td style=\"width: 105.312px;height: 10px\">&nbsp;<\/td>\n<td style=\"width: 164.525px;height: 10px\">&nbsp;<\/td>\n<\/tr>\n<tr style=\"height: 10px\">\n<td style=\"width: 124.375px;height: 10px\">&nbsp;<\/td>\n<td style=\"width: 264.788px;height: 10px\">&nbsp;<\/td>\n<td style=\"width: 105.312px;height: 10px\">&nbsp;<\/td>\n<td style=\"width: 164.525px;height: 10px\">&nbsp;<\/td>\n<\/tr>\n<tr style=\"height: 10px\">\n<td style=\"width: 124.375px;height: 10px\">&nbsp;<\/td>\n<td style=\"width: 264.788px;height: 10px\">&nbsp;<\/td>\n<td style=\"width: 105.312px;height: 10px\">&nbsp;<\/td>\n<td style=\"width: 164.525px;height: 10px\">&nbsp;<\/td>\n<\/tr>\n<tr style=\"height: 10px\">\n<td style=\"width: 124.375px;height: 10px\">&nbsp;<\/td>\n<td style=\"width: 264.788px;height: 10px\">&nbsp;<\/td>\n<td style=\"width: 105.312px;height: 10px\">&nbsp;<\/td>\n<td style=\"width: 164.525px;height: 10px\">&nbsp;<\/td>\n<\/tr>\n<tr style=\"height: 10px\">\n<td style=\"width: 124.375px;height: 10px\">&nbsp;<\/td>\n<td style=\"width: 264.788px;height: 10px\">&nbsp;<\/td>\n<td style=\"width: 105.312px;height: 10px\">&nbsp;<\/td>\n<td style=\"width: 164.525px;height: 10px\">&nbsp;<\/td>\n<\/tr>\n<\/tbody>\n<\/table>\n<p>[\/et_pb_text][\/et_pb_column][et_pb_column type=&#8221;1_3&#8243; _builder_version=&#8221;4.16&#8243; custom_padding=&#8221;|||&#8221; global_colors_info=&#8221;{}&#8221; custom_padding__hover=&#8221;|||&#8221;][\/et_pb_column][\/et_pb_row][\/et_pb_section]<\/p>\n","protected":false},"excerpt":{"rendered":"<p>TABELA IZBIRNIH INTERESNIH DEJAVNOSTI RAZ\u0160IRJENEGA PROGRAMA &nbsp; \u0160OLSKO LETO 2025\/2026 NAZIV&nbsp; MENTORICA U\u010cENCI \u010cAS pohodni\u0161tvo Monika Predikaka 1.do 5. razred prilo\u017enostno ra\u010dunalni\u0161tvo Monika Predikaka 3. razred &nbsp;\u010detrtek, 6. ura knji\u017enica Tea Gle\u0161\u010di\u010d 1.do 5. razred &nbsp;ponedeljek, 5. ura in torek, 0. ura vesela \u0161ola Petra Artnak &nbsp;4. in 5. razred &nbsp; OPZ Reneja Sara Centrih [&hellip;]<\/p>\n","protected":false},"author":4606,"featured_media":0,"parent":0,"menu_order":0,"comment_status":"closed","ping_status":"closed","template":"","meta":{"_et_pb_use_builder":"on","_et_pb_old_content":"","_et_gb_content_width":"","ngg_post_thumbnail":0,"footnotes":"","_expiration-date-status":"","_expiration-date":0,"_expiration-date-type":"","_expiration-date-categories":[],"_expiration-date-options":[]},"class_list":["post-2897","page","type-page","status-publish","hentry"],"_links":{"self":[{"href":"https:\/\/blagovna.si\/index.php?rest_route=\/wp\/v2\/pages\/2897","targetHints":{"allow":["GET"]}}],"collection":[{"href":"https:\/\/blagovna.si\/index.php?rest_route=\/wp\/v2\/pages"}],"about":[{"href":"https:\/\/blagovna.si\/index.php?rest_route=\/wp\/v2\/types\/page"}],"author":[{"embeddable":true,"href":"https:\/\/blagovna.si\/index.php?rest_route=\/wp\/v2\/users\/4606"}],"replies":[{"embeddable":true,"href":"https:\/\/blagovna.si\/index.php?rest_route=%2Fwp%2Fv2%2Fcomments&post=2897"}],"version-history":[{"count":14,"href":"https:\/\/blagovna.si\/index.php?rest_route=\/wp\/v2\/pages\/2897\/revisions"}],"predecessor-version":[{"id":7995,"href":"https:\/\/blagovna.si\/index.php?rest_route=\/wp\/v2\/pages\/2897\/revisions\/7995"}],"wp:attachment":[{"href":"https:\/\/blagovna.si\/index.php?rest_route=%2Fwp%2Fv2%2Fmedia&parent=2897"}],"curies":[{"name":"wp","href":"https:\/\/api.w.org\/{rel}","templated":true}]}}