{"id":2853,"date":"2019-08-12T13:00:17","date_gmt":"2019-08-12T11:00:17","guid":{"rendered":"http:\/\/osfm-blagovna.splet.arnes.si\/?page_id=2853"},"modified":"2023-11-08T11:06:21","modified_gmt":"2023-11-08T10:06:21","slug":"himna-sole","status":"publish","type":"page","link":"https:\/\/blagovna.si\/?page_id=2853","title":{"rendered":"Himna \u0161ole"},"content":{"rendered":"<p>[et_pb_section fb_built=&#8221;1&#8243; fullwidth=&#8221;on&#8221; admin_label=&#8221;section&#8221; _builder_version=&#8221;4.16&#8243; global_colors_info=&#8221;{}&#8221;][et_pb_fullwidth_slider admin_label=&#8221;Fullwidth Slider&#8221; _builder_version=&#8221;4.18.0&#8243; custom_padding=&#8221;|||&#8221; custom_padding_tablet=&#8221;|||&#8221; custom_padding_phone=&#8221;|||&#8221; box_shadow_style=&#8221;preset6&#8243; box_shadow_blur=&#8221;10px&#8221; box_shadow_color=&#8221;rgba(0,0,0,0.1)&#8221; remove_inner_shadow=&#8221;off&#8221; hide_content_on_mobile=&#8221;off&#8221; hide_cta_on_mobile=&#8221;off&#8221; show_inner_shadow=&#8221;on&#8221; button_letter_spacing_hover=&#8221;0&#8243; global_module=&#8221;1575&#8243; saved_tabs=&#8221;all&#8221; global_colors_info=&#8221;{}&#8221; button_text_size__hover_enabled=&#8221;off&#8221; button_one_text_size__hover_enabled=&#8221;off&#8221; button_two_text_size__hover_enabled=&#8221;off&#8221; button_text_color__hover_enabled=&#8221;off&#8221; button_one_text_color__hover_enabled=&#8221;off&#8221; button_two_text_color__hover_enabled=&#8221;off&#8221; button_border_width__hover_enabled=&#8221;off&#8221; button_one_border_width__hover_enabled=&#8221;off&#8221; button_two_border_width__hover_enabled=&#8221;off&#8221; button_border_color__hover_enabled=&#8221;off&#8221; button_one_border_color__hover_enabled=&#8221;off&#8221; button_two_border_color__hover_enabled=&#8221;off&#8221; button_border_radius__hover_enabled=&#8221;off&#8221; button_one_border_radius__hover_enabled=&#8221;off&#8221; button_two_border_radius__hover_enabled=&#8221;off&#8221; button_letter_spacing__hover_enabled=&#8221;on&#8221; button_letter_spacing__hover=&#8221;0&#8243; button_one_letter_spacing__hover_enabled=&#8221;off&#8221; button_two_letter_spacing__hover_enabled=&#8221;off&#8221; button_bg_color__hover_enabled=&#8221;off&#8221; button_one_bg_color__hover_enabled=&#8221;off&#8221; button_two_bg_color__hover_enabled=&#8221;off&#8221;][et_pb_slide heading=&#8221;PO\u0160 Blagovna&#8221; _builder_version=&#8221;4.18.0&#8243; background_image=&#8221;https:\/\/blagovna.si\/files\/2015\/08\/blag4.jpg&#8221; background_enable_image=&#8221;on&#8221; button_icon_placement=&#8221;right&#8221; button_on_hover=&#8221;on&#8221; global_colors_info=&#8221;{}&#8221; button_one_text_size__hover_enabled=&#8221;off&#8221; button_two_text_size__hover_enabled=&#8221;off&#8221; button_one_text_color__hover_enabled=&#8221;off&#8221; button_two_text_color__hover_enabled=&#8221;off&#8221; button_one_border_width__hover_enabled=&#8221;off&#8221; button_two_border_width__hover_enabled=&#8221;off&#8221; button_one_border_color__hover_enabled=&#8221;off&#8221; button_two_border_color__hover_enabled=&#8221;off&#8221; button_one_border_radius__hover_enabled=&#8221;off&#8221; button_two_border_radius__hover_enabled=&#8221;off&#8221; button_letter_spacing__hover_enabled=&#8221;off&#8221; button_one_letter_spacing__hover_enabled=&#8221;off&#8221; button_two_letter_spacing__hover_enabled=&#8221;off&#8221; button_one_bg_color__hover_enabled=&#8221;off&#8221; button_two_bg_color__hover_enabled=&#8221;off&#8221; sticky_transition=&#8221;on&#8221;][\/et_pb_slide][et_pb_slide _builder_version=&#8221;4.18.0&#8243; _module_preset=&#8221;default&#8221; background_image=&#8221;https:\/\/blagovna.si\/files\/2015\/08\/logo-blagovna2.jpg&#8221; background_enable_image=&#8221;on&#8221; global_colors_info=&#8221;{}&#8221; sticky_transition=&#8221;on&#8221;][\/et_pb_slide][\/et_pb_fullwidth_slider][et_pb_fullwidth_menu menu_id=&#8221;4&#8243; menu_style=&#8221;centered&#8221; submenu_direction=&#8221;downwards&#8221; admin_label=&#8221;Fullwidth Menu&#8221; _builder_version=&#8221;4.18.0&#8243; background_color=&#8221;#fff347&#8243; hover_enabled=&#8221;0&#8243; global_colors_info=&#8221;{}&#8221; sticky_enabled=&#8221;0&#8243;][\/et_pb_fullwidth_menu][\/et_pb_section][et_pb_section fb_built=&#8221;1&#8243; admin_label=&#8221;section&#8221; _builder_version=&#8221;4.16&#8243; global_colors_info=&#8221;{}&#8221;][et_pb_row column_structure=&#8221;2_3,1_3&#8243; admin_label=&#8221;row&#8221; _builder_version=&#8221;4.16&#8243; background_size=&#8221;initial&#8221; background_position=&#8221;top_left&#8221; background_repeat=&#8221;repeat&#8221; global_colors_info=&#8221;{}&#8221;][et_pb_column type=&#8221;2_3&#8243; _builder_version=&#8221;4.16&#8243; custom_padding=&#8221;|||&#8221; global_colors_info=&#8221;{}&#8221; custom_padding__hover=&#8221;|||&#8221;][et_pb_text admin_label=&#8221;vsebina&#8221; _builder_version=&#8221;4.16&#8243; background_size=&#8221;initial&#8221; background_position=&#8221;top_left&#8221; background_repeat=&#8221;repeat&#8221; use_border_color=&#8221;off&#8221; border_color=&#8221;#ffffff&#8221; border_style=&#8221;solid&#8221; global_colors_info=&#8221;{}&#8221;]<strong>MI SMO Z BLAGOVNE<\/strong><\/p>\n<p>Glasba in besedilo: Vera \u0160olinc<\/p>\n<p>&nbsp;<\/p>\n<p>Prvo\u0161ol\u010dek vsak neskon\u010dno je vesel,<\/p>\n<p>Kakor majhen pti\u010dek, ki prvi\u010d je vzletel.<\/p>\n<p>A potem za\u010dnejo \u0161olske se skrbi.<\/p>\n<p>Kdaj pa kdaj vsak \u0161olar kislo se dr\u017ei.<\/p>\n<p>&nbsp;<\/p>\n<p>Drugi, tretji razred, hitro mine vsem,<\/p>\n<p>A v \u010detrtem, petem, pojavi se problem.<\/p>\n<p>Pti\u010dki \u017evrgolijo in se \u017eenijo,<\/p>\n<p>\u0160olarji pa radi se zaljubijo.<\/p>\n<p>&nbsp;<\/p>\n<p>\u010ce u\u010diteljice sitne bi ne b\u00b4le,<\/p>\n<p>Vsi bi le noreli! Le kdo bi u\u010dil se?<\/p>\n<p>Star\u0161i so zato, da nas priganjajo<\/p>\n<p>In zato iz nas \u0161e enkrat nekaj bo!<\/p>\n<p>&nbsp;<\/p>\n<p>MI SMO Z BLAGOVNE, TO NAJBOLJ\u0160A \u0160OLA JE,<\/p>\n<p>MED GOZDOVI, TRAVNIKI!<\/p>\n<p>MI SMO Z BLAGOVNE, TO VESELA \u0160OLA JE,<\/p>\n<p>OBKRO\u017dAJO NAS RIBNIKI.<\/p>\n<p>MI SMO Z BLAGOVNE, TO VESELA \u0160OLA JE,<\/p>\n<p>TU PRIJAZNI SO LJUDJE!<\/p>\n<p>U\u010cITELJICE, DOBER DAN!<\/p>\n<p>VSAK POZDRAVI NASMEJAN!<\/p>\n<p>KER MI SMO Z BLAGOVNE.<br \/>\n[\/et_pb_text][\/et_pb_column][et_pb_column type=&#8221;1_3&#8243; _builder_version=&#8221;4.16&#8243; custom_padding=&#8221;|||&#8221; global_colors_info=&#8221;{}&#8221; custom_padding__hover=&#8221;|||&#8221;][\/et_pb_column][\/et_pb_row][\/et_pb_section]<\/p>\n","protected":false},"excerpt":{"rendered":"<p>MI SMO Z BLAGOVNE Glasba in besedilo: Vera \u0160olinc &nbsp; Prvo\u0161ol\u010dek vsak neskon\u010dno je vesel, Kakor majhen pti\u010dek, ki prvi\u010d je vzletel. A potem za\u010dnejo \u0161olske se skrbi. Kdaj pa kdaj vsak \u0161olar kislo se dr\u017ei. &nbsp; Drugi, tretji razred, hitro mine vsem, A v \u010detrtem, petem, pojavi se problem. Pti\u010dki \u017evrgolijo in se \u017eenijo, [&hellip;]<\/p>\n","protected":false},"author":4606,"featured_media":0,"parent":0,"menu_order":0,"comment_status":"closed","ping_status":"closed","template":"","meta":{"_et_pb_use_builder":"on","_et_pb_old_content":"","_et_gb_content_width":"","ngg_post_thumbnail":0,"footnotes":"","_expiration-date-status":"","_expiration-date":0,"_expiration-date-type":"","_expiration-date-categories":[],"_expiration-date-options":[]},"class_list":["post-2853","page","type-page","status-publish","hentry"],"_links":{"self":[{"href":"https:\/\/blagovna.si\/index.php?rest_route=\/wp\/v2\/pages\/2853","targetHints":{"allow":["GET"]}}],"collection":[{"href":"https:\/\/blagovna.si\/index.php?rest_route=\/wp\/v2\/pages"}],"about":[{"href":"https:\/\/blagovna.si\/index.php?rest_route=\/wp\/v2\/types\/page"}],"author":[{"embeddable":true,"href":"https:\/\/blagovna.si\/index.php?rest_route=\/wp\/v2\/users\/4606"}],"replies":[{"embeddable":true,"href":"https:\/\/blagovna.si\/index.php?rest_route=%2Fwp%2Fv2%2Fcomments&post=2853"}],"version-history":[{"count":4,"href":"https:\/\/blagovna.si\/index.php?rest_route=\/wp\/v2\/pages\/2853\/revisions"}],"predecessor-version":[{"id":6248,"href":"https:\/\/blagovna.si\/index.php?rest_route=\/wp\/v2\/pages\/2853\/revisions\/6248"}],"wp:attachment":[{"href":"https:\/\/blagovna.si\/index.php?rest_route=%2Fwp%2Fv2%2Fmedia&parent=2853"}],"curies":[{"name":"wp","href":"https:\/\/api.w.org\/{rel}","templated":true}]}}